{"id":182,"date":"2022-11-23T13:20:28","date_gmt":"2022-11-23T12:20:28","guid":{"rendered":"https:\/\/www.laubrotel.com\/wplaubrotel\/?page_id=182"},"modified":"2022-11-29T23:34:20","modified_gmt":"2022-11-29T22:34:20","slug":"plugin-meteo-v2-5-5-jours-5-colonnes","status":"publish","type":"page","link":"https:\/\/www.laubrotel.com\/wplaubrotel\/plugin-meteo-v2-5-5-jours-5-colonnes\/","title":{"rendered":"Plugin m\u00e9t\u00e9o V2.5 \u2013 5 jours \/ 5-6 colonnes"},"content":{"rendered":"\n<p>Ici API V2.5 avec la m\u00e9t\u00e9o \u00e0 l\u2019instant T et 5 jours de pr\u00e9visions => 1 colonne d\u00e9taill\u00e9e par jour <\/p>\n\n\n\n<p>Ce plugin vous interresse : <a rel=\"noreferrer noopener\" href=\"https:\/\/www.joomloc.com\/abonnements.html\" target=\"_blank\">T\u00e9l\u00e9charger le ici<\/a><\/p>\n\n\n\n<div class=\"resweathermap_box\" id=\"resweathermap_box\"><div id=\"lbweatherforcast_test\"><\/div>\n\t\t\t\t\t<div class=\"input_search_town\" style=\"display:block\"><input type=\"text\" name=\"lbweatherforcast_s_town\" id=\"lbweatherforcast_s_town\" value=\"\" placeholder=\"Votre ville\"><input type=\"button\" class=\"btn btn-primary button button-primary lbwSaveMyTown\" style=\"display:inline-block\" value=\"Enregistrer\">\n\t\t\t\t\t<input type=\"button\" class=\"btn btn-secondary button button-secondary lbwCancelMyTown\" style=\"display:inline-block\" value=\"Annuler\">\n\t\t\t\t\t<input type=\"hidden\" name=\"default_latitude\" id=\"default_latitude\" value=\"\">\n\t\t\t\t\t<input type=\"hidden\" name=\"default_longitude\" id=\"default_longitude\" value=\"\">\n\t\t\t\t\t<input type=\"hidden\" name=\"default_town_input\" id=\"default_town_input\" value=\"\">\n\t\t\t\t\t<input type=\"hidden\" name=\"default_state_input\" id=\"default_state_input\" value=\"\">\n\t\t\t\t\t<input type=\"hidden\" name=\"default_country_input\" id=\"default_country_input\" value=\"\">\n\t\t\t\t\t<div id=\"resinputab\" class=\"resinputab\"><span class=\"closeitres\">X<\/span><ul><\/ul><\/div>\n\t\t\t\t\t<\/div>\n\t\t\t\t\t<div class=\"alert alert-warning\"><\/div>\n\t\t\t\t\t<div class=\"resweathermap dayx\">\n\t\t\t\t\t\t<div class=\"weather_town_picture\"><\/div>\n\t\t\t\t\t\t<div class=\"weather_town_date\"><\/div>\n\t\t\t\t\t\t<div class=\"weather_town_name\"><\/div>\n\t\t\t\t\t\t<div class=\"weather_town_temp\"><\/div>\n\t\t\t\t\t\t<div class=\"weather_town_description\"><\/div>\n\t\t\t\t\t\t<div class=\"weather_town_feels_like\"><label class=\"label_feel_like\">Temp. ressentie : <span class=\"feel_like\"><\/span><\/label><\/div>\n\n\t\t\t\t\t\t<div class=\"weather_data_block weather_town_min_max\"><label class=\"label_min\">Min.<span class=\"is_min\"><\/span><\/label><label class=\"label_max\">Max.<span class=\"is_max\"><\/span><\/label><\/div>\n\t\t\t\t\t\t\n\t\t\t\t\t\t\n\n\t\t\t\t\t\t<div class=\"weather_data_block weather_town_time_by_time\"><div class=\"weather_time_by_time_content\"><\/div><\/div>\n\t\t\t\t\t\t<div class=\"weather_data_block weather_town_time_by_day\"><div class=\"weather_time_by_day_content\"><\/div><\/div>\n\n\n\n\t\t\t\t\t\t<div class=\"weather_data_block weather_town_sunrise_set\"><label class=\"label_sunrise\">Soleil : Lever<span class=\"sunrise\"><\/span><\/label><label class=\"label_sunset\">Soleil : Coucher<span class=\"sunset\"><\/span><\/label><\/div>\n\n\t\t\t\t\t\t\t<div class=\"weather_data_block weather_town_rain_cloud\"><label class=\"label_rain\">Pluie<span class=\"rain\"><\/span><\/label><label class=\"label_snow\">Neige<span class=\"snow\"><\/span><\/label><label class=\"label_cloudness\">N\u00e9bulosit\u00e9<span class=\"cloudness\"><\/span><\/label><\/div>\n\t\t\t\t\t\t<div class=\"weather_data_block weather_town_pressure_himidity\"><label class=\"label_pressure\">Pression<span class=\"pressure\"><\/span><\/label><label class=\"label_humidity\">Humidit\u00e9<span class=\"humidity\"><\/span><\/label><\/div>\n\t\t\t\t\t\t<div class=\"weather_data_block weather_town_wind_visibility\"><label class=\"label_wind\">Vent<span class=\"wind\"><\/span><span class=\"windway\"><\/span><\/label><label class=\"label_visibility\">Visibilit\u00e9<span class=\"visibility\"><\/span><\/label><\/div>\n\t\t\t\t\t<\/div>\n\t\t\t\t\t<\/div>\n\t\t\t\t\t<input type='hidden' name='api_version' id='lbetWeather_api_version' value='2.5'>\n\t<input type='hidden' name='show_show_only_first' id='show_show_only_first' value=''>\n\t<input type='hidden' name='lbetWeather_show_cols' id='lbetWeather_show_cols' value='8'>\n\t<input type='hidden' name='lbetWeather_show_colstype' id='lbetWeather_show_colstype' value='all'>\n","protected":false},"excerpt":{"rendered":"<p>Ici API V2.5 avec la m\u00e9t\u00e9o \u00e0 l\u2019instant T et 5 jours de pr\u00e9visions => 1 colonne d\u00e9taill\u00e9e par jour Ce plugin vous interresse : T\u00e9l\u00e9charger le ici<\/p>\n","protected":false},"author":1,"featured_media":0,"parent":0,"menu_order":0,"comment_status":"closed","ping_status":"closed","template":"","meta":{"footnotes":""},"class_list":["post-182","page","type-page","status-publish","hentry"],"_links":{"self":[{"href":"https:\/\/www.laubrotel.com\/wplaubrotel\/wp-json\/wp\/v2\/pages\/182","targetHints":{"allow":["GET"]}}],"collection":[{"href":"https:\/\/www.laubrotel.com\/wplaubrotel\/wp-json\/wp\/v2\/pages"}],"about":[{"href":"https:\/\/www.laubrotel.com\/wplaubrotel\/wp-json\/wp\/v2\/types\/page"}],"author":[{"embeddable":true,"href":"https:\/\/www.laubrotel.com\/wplaubrotel\/wp-json\/wp\/v2\/users\/1"}],"replies":[{"embeddable":true,"href":"https:\/\/www.laubrotel.com\/wplaubrotel\/wp-json\/wp\/v2\/comments?post=182"}],"version-history":[{"count":6,"href":"https:\/\/www.laubrotel.com\/wplaubrotel\/wp-json\/wp\/v2\/pages\/182\/revisions"}],"predecessor-version":[{"id":224,"href":"https:\/\/www.laubrotel.com\/wplaubrotel\/wp-json\/wp\/v2\/pages\/182\/revisions\/224"}],"wp:attachment":[{"href":"https:\/\/www.laubrotel.com\/wplaubrotel\/wp-json\/wp\/v2\/media?parent=182"}],"curies":[{"name":"wp","href":"https:\/\/api.w.org\/{rel}","templated":true}]}}